{"id":6635,"date":"2019-05-10T14:40:15","date_gmt":"2019-05-10T14:40:15","guid":{"rendered":"http:\/\/impreza.us-themes.com\/?page_id=6635"},"modified":"2024-02-27T15:33:20","modified_gmt":"2024-02-27T15:33:20","slug":"home","status":"publish","type":"page","link":"https:\/\/ambulanciascruzdelsur.cl\/","title":{"rendered":"Home"},"content":{"rendered":"<section class=\"l-section wpb_row height_custom color_primary with_img parallax_ver parallaxdir_reversed with_shape\"><div class=\"l-section-img\" role=\"img\" data-img-width=\"1280\" data-img-height=\"960\" style=\"background-image: url(https:\/\/ambulanciascruzdelsur.cl\/wp-content\/uploads\/2022\/05\/slider.jpg);\"><\/div><div class=\"l-section-shape type_tilt pos_bottom hor_flip\" style=\"height:15vmin;\"><svg xmlns=\"http:\/\/www.w3.org\/2000\/svg\" viewBox=\"0 0 64 8\" preserveAspectRatio=\"none\" width=\"100%\" height=\"100%\">\r\n\t<path fill=\"currentColor\" d=\"M64 7.9 L64 10 L0 10 L0 0 Z\"\/>\r\n<\/svg><\/div><div class=\"l-section-h i-cf\"><div class=\"g-cols vc_row via_flex valign_top type_default stacking_default\"><div class=\"vc_col-sm-12 wpb_column vc_column_container\"><div class=\"vc_column-inner\"><div class=\"wpb_wrapper\"><div class=\"w-separator size_huge\"><\/div><div class=\"w-separator size_huge\"><\/div><div class=\"wpb_text_column h1_mobil padding-right\"><div class=\"wpb_wrapper\"><h1>Ambulancias Cruz del Sur<\/h1>\n<\/div><\/div><div class=\"w-separator size_small\"><\/div><div class=\"wpb_text_column h3_mobil padding-right\"><div class=\"wpb_wrapper\"><h3>Su salud y confianza es lo mas importante para nosotros<\/h3>\n<\/div><\/div><div class=\"w-separator size_small\"><\/div><div class=\"w-btn-wrapper align_left\"><a class=\"w-btn us-btn-style_1 us_custom_04bac797\" href=\"\/index.php\/nuestros-servicios\/\"><span class=\"w-btn-label\">Ver m\u00e1s<\/span><\/a><\/div><div class=\"w-separator size_huge\"><\/div><div class=\"w-separator size_huge\"><\/div><\/div><\/div><\/div><\/div><\/div><\/section><section class=\"l-section wpb_row height_custom\"><div class=\"l-section-h i-cf\"><div class=\"g-cols vc_row via_flex valign_top type_default stacking_default\"><div class=\"vc_col-sm-12 wpb_column vc_column_container\"><div class=\"vc_column-inner\"><div class=\"wpb_wrapper\"><div class=\"wpb_text_column us_custom_a574d586 h1_mobil padding-right has_text_color\"><div class=\"wpb_wrapper\"><h1>Nuestros Servicios 24\/7<\/h1>\n<\/div><\/div><div class=\"w-separator size_small\"><\/div><div class=\"wpb_text_column h3_mobil padding-right\"><div class=\"wpb_wrapper\"><h3>Traslado de pacientes dentro y fuera de Santiago<\/h3>\n<\/div><\/div><div class=\"w-separator size_small\"><\/div><div class=\"g-cols wpb_row via_flex valign_top type_default stacking_default\"><div class=\"vc_col-sm-4 wpb_column vc_column_container\"><div class=\"vc_column-inner\"><div class=\"wpb_wrapper\"><div class=\"w-image us_custom_7ba3f4bc align_center\"><a href=\"\/index.php\/traslado-de-pacientes-en-ambulancia\/\" aria-label=\"WhatsApp Image 2022-05-03 at 3.39.37 PM\" class=\"w-image-h\"><img decoding=\"async\" width=\"810\" height=\"810\" src=\"https:\/\/ambulanciascruzdelsur.cl\/wp-content\/uploads\/2022\/05\/WhatsApp-Image-2022-05-03-at-3.39.37-PM.jpg\" class=\"attachment-full size-full\" alt=\"\" loading=\"lazy\" srcset=\"https:\/\/ambulanciascruzdelsur.cl\/wp-content\/uploads\/2022\/05\/WhatsApp-Image-2022-05-03-at-3.39.37-PM.jpg 810w, https:\/\/ambulanciascruzdelsur.cl\/wp-content\/uploads\/2022\/05\/WhatsApp-Image-2022-05-03-at-3.39.37-PM-300x300.jpg 300w, https:\/\/ambulanciascruzdelsur.cl\/wp-content\/uploads\/2022\/05\/WhatsApp-Image-2022-05-03-at-3.39.37-PM-150x150.jpg 150w, https:\/\/ambulanciascruzdelsur.cl\/wp-content\/uploads\/2022\/05\/WhatsApp-Image-2022-05-03-at-3.39.37-PM-600x600.jpg 600w\" sizes=\"auto, (max-width: 810px) 100vw, 810px\" \/><\/a><\/div><div class=\"wpb_text_column us_custom_a574d586 h4_mobil has_text_color\"><div class=\"wpb_wrapper\"><h4 style=\"text-align: center;\"><a href=\"\/index.php\/traslado-de-pacientes-en-ambulancia\/\">Traslado de Pacientes en Ambulancia<\/a><\/h4>\n<\/div><\/div><\/div><\/div><\/div><div class=\"vc_col-sm-4 wpb_column vc_column_container\"><div class=\"vc_column-inner\"><div class=\"wpb_wrapper\"><div class=\"w-image us_custom_7ba3f4bc align_center\"><a href=\"\/index.php\/ambulancia-para-asistencia-de-eventos\/\" aria-label=\"6C14FBEC-7A36-4DE6-9793-B98E5CB1512D\" class=\"w-image-h\"><img decoding=\"async\" width=\"865\" height=\"865\" src=\"https:\/\/ambulanciascruzdelsur.cl\/wp-content\/uploads\/2022\/05\/6C14FBEC-7A36-4DE6-9793-B98E5CB1512D-1.jpg\" class=\"attachment-full size-full\" alt=\"\" loading=\"lazy\" srcset=\"https:\/\/ambulanciascruzdelsur.cl\/wp-content\/uploads\/2022\/05\/6C14FBEC-7A36-4DE6-9793-B98E5CB1512D-1.jpg 865w, https:\/\/ambulanciascruzdelsur.cl\/wp-content\/uploads\/2022\/05\/6C14FBEC-7A36-4DE6-9793-B98E5CB1512D-1-300x300.jpg 300w, https:\/\/ambulanciascruzdelsur.cl\/wp-content\/uploads\/2022\/05\/6C14FBEC-7A36-4DE6-9793-B98E5CB1512D-1-150x150.jpg 150w, https:\/\/ambulanciascruzdelsur.cl\/wp-content\/uploads\/2022\/05\/6C14FBEC-7A36-4DE6-9793-B98E5CB1512D-1-600x600.jpg 600w\" sizes=\"auto, (max-width: 865px) 100vw, 865px\" \/><\/a><\/div><div class=\"wpb_text_column us_custom_a574d586 h4_mobil has_text_color\"><div class=\"wpb_wrapper\"><h4 style=\"text-align: center;\"><a href=\"\/index.php\/ambulancia-para-asistencia-de-eventos\/\">Ambulancia para Asistencia de Eventos<\/a><\/h4>\n<\/div><\/div><\/div><\/div><\/div><div class=\"vc_col-sm-4 wpb_column vc_column_container\"><div class=\"vc_column-inner\"><div class=\"wpb_wrapper\"><div class=\"w-image us_custom_7ba3f4bc align_center\"><a href=\"\/index.php\/arriendo-de-ambulancias\/\" aria-label=\"WhatsApp Image 2022-05-03 at 3.41.15 PM\" class=\"w-image-h\"><img decoding=\"async\" width=\"1197\" height=\"1197\" src=\"https:\/\/ambulanciascruzdelsur.cl\/wp-content\/uploads\/2022\/05\/WhatsApp-Image-2022-05-03-at-3.41.15-PM-1.jpeg\" class=\"attachment-full size-full\" alt=\"\" loading=\"lazy\" srcset=\"https:\/\/ambulanciascruzdelsur.cl\/wp-content\/uploads\/2022\/05\/WhatsApp-Image-2022-05-03-at-3.41.15-PM-1.jpeg 1197w, https:\/\/ambulanciascruzdelsur.cl\/wp-content\/uploads\/2022\/05\/WhatsApp-Image-2022-05-03-at-3.41.15-PM-1-300x300.jpeg 300w, https:\/\/ambulanciascruzdelsur.cl\/wp-content\/uploads\/2022\/05\/WhatsApp-Image-2022-05-03-at-3.41.15-PM-1-1024x1024.jpeg 1024w, https:\/\/ambulanciascruzdelsur.cl\/wp-content\/uploads\/2022\/05\/WhatsApp-Image-2022-05-03-at-3.41.15-PM-1-150x150.jpeg 150w, https:\/\/ambulanciascruzdelsur.cl\/wp-content\/uploads\/2022\/05\/WhatsApp-Image-2022-05-03-at-3.41.15-PM-1-600x600.jpeg 600w\" sizes=\"auto, (max-width: 1197px) 100vw, 1197px\" \/><\/a><\/div><div class=\"wpb_text_column us_custom_a574d586 h4_mobil has_text_color\"><div class=\"wpb_wrapper\"><h4 style=\"text-align: center;\"><a href=\"\/index.php\/arriendo-de-ambulancias\/\">Arriendo de Ambulancias<\/a><\/h4>\n<\/div><\/div><\/div><\/div><\/div><\/div><\/div><\/div><\/div><\/div><\/div><\/section><section class=\"l-section wpb_row height_custom with_img parallax_ver parallaxdir_reversed\"><div class=\"l-section-img\" role=\"img\" data-img-width=\"810\" data-img-height=\"494\" style=\"background-image: url(https:\/\/ambulanciascruzdelsur.cl\/wp-content\/uploads\/2022\/05\/slider2.jpg);\"><\/div><div class=\"l-section-h i-cf\"><div class=\"g-cols vc_row via_flex valign_top type_default stacking_default\"><div class=\"vc_col-sm-12 wpb_column vc_column_container\"><div class=\"vc_column-inner\"><div class=\"wpb_wrapper\"><div class=\"w-separator size_huge\"><\/div><div class=\"w-separator size_huge\"><\/div><div class=\"wpb_text_column us_custom_6df4bc3a h1_mobil has_text_color\"><div class=\"wpb_wrapper\"><h1 style=\"text-align: center;\">Traslado de pacientes dentro<br \/>\ny fuera de Santiago<\/h1>\n<\/div><\/div><div class=\"w-separator size_huge\"><\/div><div class=\"w-separator size_huge\"><\/div><\/div><\/div><\/div><\/div><\/div><\/section><section class=\"l-section wpb_row height_custom width_full\"><div class=\"l-section-h i-cf\"><div class=\"g-cols vc_row via_flex valign_top type_default stacking_default\"><div class=\"vc_col-sm-6 wpb_column vc_column_container\"><div class=\"vc_column-inner\"><div class=\"wpb_wrapper\"><div class=\"w-image align_none\"><div class=\"w-image-h\"><img decoding=\"async\" width=\"864\" height=\"940\" src=\"https:\/\/ambulanciascruzdelsur.cl\/wp-content\/uploads\/2022\/05\/74EF1615-A3EE-48D6-A5A1-BB02C20B21EF-1.jpg\" class=\"attachment-large size-large\" alt=\"\" loading=\"lazy\" srcset=\"https:\/\/ambulanciascruzdelsur.cl\/wp-content\/uploads\/2022\/05\/74EF1615-A3EE-48D6-A5A1-BB02C20B21EF-1.jpg 864w, https:\/\/ambulanciascruzdelsur.cl\/wp-content\/uploads\/2022\/05\/74EF1615-A3EE-48D6-A5A1-BB02C20B21EF-1-276x300.jpg 276w, https:\/\/ambulanciascruzdelsur.cl\/wp-content\/uploads\/2022\/05\/74EF1615-A3EE-48D6-A5A1-BB02C20B21EF-1-600x653.jpg 600w\" sizes=\"auto, (max-width: 864px) 100vw, 864px\" \/><\/div><\/div><\/div><\/div><\/div><div class=\"vc_col-sm-6 wpb_column vc_column_container\"><div class=\"vc_column-inner us_custom_0a176474\"><div class=\"wpb_wrapper\"><div class=\"wpb_text_column us_custom_a574d586 h2_mobil has_text_color\"><div class=\"wpb_wrapper\"><h2>Quienes Somos<\/h2>\n<\/div><\/div><div class=\"w-separator size_small\"><\/div><div class=\"wpb_text_column\"><div class=\"wpb_wrapper\"><p style=\"text-align: justify;\">Estamos comprometidos a brindarle la mejor atenci\u00f3n y para eso disponemos de la experiencia, la tecnolog\u00eda y los recursos humanos para atender sus necesidades.<\/p>\n<p style=\"text-align: justify;\">Contamos con profesionales altamente entrenados, que tienen la \u00fanica misi\u00f3n de ofrecerle atenci\u00f3n personalizada, de forma agradable y eficiente.<\/p>\n<p style=\"text-align: justify;\">Nuestros servicios cuentan con la autorizaci\u00f3n sanitaria vigente otorgada por SEREMI de Salud Metropolitano lo que garantiza que somos una empresa seria y preocupada de mantener altos est\u00e1ndares de calidad.<\/p>\n<\/div><\/div><div class=\"w-separator size_small\"><\/div><div class=\"w-btn-wrapper align_none\"><a class=\"w-btn us-btn-style_1\" href=\"\/index.php\/contacto\/\"><span class=\"w-btn-label\">Cont\u00e1ctenos<\/span><\/a><\/div><\/div><\/div><\/div><\/div><\/div><\/section><section class=\"l-section wpb_row height_custom with_img parallax_ver parallaxdir_reversed with_shape\"><div class=\"l-section-img\" role=\"img\" data-img-width=\"1152\" data-img-height=\"864\" style=\"background-image: url(https:\/\/ambulanciascruzdelsur.cl\/wp-content\/uploads\/2022\/05\/2FE6B198-0ABF-4D52-9B2E-AF3070B2F66C-1.jpg);\"><\/div><div class=\"l-section-shape type_tilt pos_top\" style=\"height:15vmin;\"><svg xmlns=\"http:\/\/www.w3.org\/2000\/svg\" viewBox=\"0 0 64 8\" preserveAspectRatio=\"none\" width=\"100%\" height=\"100%\">\r\n\t<path fill=\"currentColor\" d=\"M64 7.9 L64 10 L0 10 L0 0 Z\"\/>\r\n<\/svg><\/div><div class=\"l-section-h i-cf\"><div class=\"g-cols vc_row via_flex valign_top type_default stacking_default\"><div class=\"vc_col-sm-12 wpb_column vc_column_container\"><div class=\"vc_column-inner\"><div class=\"wpb_wrapper\"><div class=\"w-separator size_huge\"><\/div><div class=\"wpb_text_column us_custom_6df4bc3a h1_mobil has_text_color\"><div class=\"wpb_wrapper\"><h1 style=\"text-align: center;\">Cont\u00e1ctenos<\/h1>\n<\/div><\/div><div class=\"w-separator size_small with_line width_30 thick_1 style_solid color_border align_center\"><div class=\"w-separator-h\"><\/div><\/div><div class=\"wpb_text_column us_custom_6df4bc3a estamos-comprometidos h3_mobil has_text_color\"><div class=\"wpb_wrapper\"><h3 style=\"text-align: center;\">Estamos comprometidos a brindarle la mejor atenci\u00f3n y para eso disponemos de la experiencia, la tecnolog\u00eda y los recursos humanos para atender sus necesidades.<\/h3>\n<\/div><\/div><div class=\"w-separator size_small with_line width_30 thick_1 style_solid color_border align_center\"><div class=\"w-separator-h\"><\/div><\/div><div class=\"g-cols wpb_row via_flex valign_top type_default stacking_default\"><div class=\"vc_col-sm-3 wpb_column vc_column_container\"><div class=\"vc_column-inner\"><div class=\"wpb_wrapper\"><\/div><\/div><\/div><div class=\"vc_col-sm-6 wpb_column vc_column_container\"><div class=\"vc_column-inner\"><div class=\"wpb_wrapper\"><div class=\"w-iconbox us_custom_6df4bc3a estamos-comprometidos h4_mobil has_text_color iconpos_left style_default color_primary align_none no_text\"><div class=\"w-iconbox-icon\" style=\"font-size:2rem;\"><i class=\"fas fa-map-marker-alt\"><\/i><\/div><div class=\"w-iconbox-meta\"><h4 class=\"w-iconbox-title\">Santa Lucia #10798, La Florida, Santiago<\/h4><\/div><\/div><div class=\"w-separator size_small\"><\/div><div class=\"w-iconbox us_custom_6df4bc3a estamos-comprometidos h4_mobil has_text_color iconpos_left style_default color_primary align_none no_text\"><div class=\"w-iconbox-icon\" style=\"font-size:2rem;\"><i class=\"fas fa-phone\"><\/i><\/div><div class=\"w-iconbox-meta\"><h4 class=\"w-iconbox-title\">+56 9 9605 5499<\/h4><\/div><\/div><div class=\"w-separator size_small\"><\/div><div class=\"w-iconbox us_custom_6df4bc3a estamos-comprometidos h4_mobil has_text_color iconpos_left style_default color_primary align_none no_text\"><div class=\"w-iconbox-icon\" style=\"font-size:2rem;\"><i class=\"fas fa-envelope\"><\/i><\/div><div class=\"w-iconbox-meta\"><h4 class=\"w-iconbox-title\">ambcruzdelsur@gmail.com<\/h4><\/div><\/div><div class=\"w-separator size_medium\"><\/div><form class=\"w-form  layout_ver for_cform us_form_1\" autocomplete=\"off\" action=\"https:\/\/ambulanciascruzdelsur.cl\/index.php\/wp-json\/wp\/v2\/pages\/6635\" method=\"post\"><div class=\"w-form-h\"><div class=\"w-form-row for_text\">\r\n\t\t<div class=\"w-form-row-field\">\r\n\t\t\t\t\t\t<input aria-label=\"Nombre\" type=\"text\" name=\"us_form_1_text_1\" value placeholder=\"Nombre\"\/>\r\n\t\t\t<\/div>\r\n\t\t<div class=\"w-form-row-state\">Rellena este campo<\/div>\r\n<\/div>\r\n<div class=\"w-form-row for_email\">\r\n\t\t<div class=\"w-form-row-field\">\r\n\t\t\t\t\t\t<input aria-label=\"Correo electr\u00f3nico\" type=\"email\" name=\"us_form_1_email_1\" value placeholder=\"Correo electr\u00f3nico\"\/>\r\n\t\t\t<\/div>\r\n\t\t<div class=\"w-form-row-state\">Por favor, introduce una direcci\u00f3n de correo electr\u00f3nico v\u00e1lida.<\/div>\r\n<\/div>\r\n<div class=\"w-form-row for_text\">\r\n\t\t<div class=\"w-form-row-field\">\r\n\t\t\t\t\t\t<input aria-label=\"Tel\u00e9fono\" type=\"text\" name=\"us_form_1_text_2\" value placeholder=\"Tel\u00e9fono\"\/>\r\n\t\t\t<\/div>\r\n\t\t<div class=\"w-form-row-state\">Rellena este campo<\/div>\r\n<\/div>\r\n<div class=\"w-form-row for_textarea\">\r\n\t\t<div class=\"w-form-row-field\">\r\n\t\t\t\t\t\t<textarea aria-label=\"Texto\" name=\"us_form_1_textarea_1\" placeholder=\"Texto\"><\/textarea>\r\n\t\t\t<\/div>\r\n\t\t<div class=\"w-form-row-state\">Rellena este campo<\/div>\r\n<\/div>\r\n<input type=\"hidden\" name=\"action\" value=\"us_ajax_cform\" \/>\r\n<input type=\"hidden\" name=\"post_id\" value=\"0\" \/>\r\n<input type=\"hidden\" name=\"form_index\" value=\"1\" \/>\r\n<div class=\"w-form-row for_submit align_none\">\r\n\t<button class=\"w-btn  us-btn-style_1\" aria-label=\"Enviar\" type=\"submit\">\r\n\t\t<span class=\"g-preloader type_1\"><\/span>\r\n\t\t\t\t<span class=\"w-btn-label\">Enviar<\/span>\r\n\t\t\t<\/button>\r\n\t<\/div>\r\n<\/div><div class=\"w-form-message\"><\/div><div class=\"w-form-json hidden\" onclick='return {&quot;ajaxurl&quot;:&quot;https:\\\/\\\/ambulanciascruzdelsur.cl\\\/wp-admin\\\/admin-ajax.php&quot;,&quot;messages&quot;:{&quot;err_empty&quot;:&quot;Rellena este campo&quot;,&quot;err_size&quot;:&quot;El tama\\u00f1o del archivo no puede exceder %s MB&quot;,&quot;err_extension&quot;:&quot;El tipo de archivo %s no est\\u00e1 permitido&quot;}}'><\/div><\/form><\/div><\/div><\/div><div class=\"vc_col-sm-3 wpb_column vc_column_container\"><div class=\"vc_column-inner\"><div class=\"wpb_wrapper\"><\/div><\/div><\/div><\/div><div class=\"w-separator size_huge\"><\/div><div class=\"w-separator size_huge\"><\/div><\/div><\/div><\/div><\/div><\/div><\/section>\n","protected":false},"excerpt":{"rendered":"Ambulancias Cruz del Sur Su salud y confianza es lo mas importante para nosotros Ver m\u00e1sNuestros Servicios 24\/7 Traslado de pacientes dentro y fuera de Santiago Traslado de Pacientes en Ambulancia Ambulancia para Asistencia de Eventos Arriendo de Ambulancias Traslado de pacientes dentro y fuera de Santiago Quienes Somos Estamos comprometidos a brindarle la mejor...","protected":false},"author":2,"featured_media":0,"parent":0,"menu_order":0,"comment_status":"closed","ping_status":"closed","template":"","meta":{"_acf_changed":false,"_monsterinsights_skip_tracking":false,"_monsterinsights_sitenote_active":false,"_monsterinsights_sitenote_note":"","_monsterinsights_sitenote_category":0,"footnotes":""},"class_list":["post-6635","page","type-page","status-publish","hentry"],"acf":[],"aioseo_notices":[],"_links":{"self":[{"href":"https:\/\/ambulanciascruzdelsur.cl\/index.php\/wp-json\/wp\/v2\/pages\/6635","targetHints":{"allow":["GET"]}}],"collection":[{"href":"https:\/\/ambulanciascruzdelsur.cl\/index.php\/wp-json\/wp\/v2\/pages"}],"about":[{"href":"https:\/\/ambulanciascruzdelsur.cl\/index.php\/wp-json\/wp\/v2\/types\/page"}],"author":[{"embeddable":true,"href":"https:\/\/ambulanciascruzdelsur.cl\/index.php\/wp-json\/wp\/v2\/users\/2"}],"replies":[{"embeddable":true,"href":"https:\/\/ambulanciascruzdelsur.cl\/index.php\/wp-json\/wp\/v2\/comments?post=6635"}],"version-history":[{"count":73,"href":"https:\/\/ambulanciascruzdelsur.cl\/index.php\/wp-json\/wp\/v2\/pages\/6635\/revisions"}],"predecessor-version":[{"id":8208,"href":"https:\/\/ambulanciascruzdelsur.cl\/index.php\/wp-json\/wp\/v2\/pages\/6635\/revisions\/8208"}],"wp:attachment":[{"href":"https:\/\/ambulanciascruzdelsur.cl\/index.php\/wp-json\/wp\/v2\/media?parent=6635"}],"curies":[{"name":"wp","href":"https:\/\/api.w.org\/{rel}","templated":true}]}}