{"id":8004,"date":"2022-05-09T15:26:40","date_gmt":"2022-05-09T15:26:40","guid":{"rendered":"http:\/\/ambulanciascruzdelsur.srtv.cl\/?page_id=8004"},"modified":"2024-02-27T15:30:33","modified_gmt":"2024-02-27T15:30:33","slug":"nuestros-servicios","status":"publish","type":"page","link":"https:\/\/ambulanciascruzdelsur.cl\/index.php\/nuestros-servicios\/","title":{"rendered":"Nuestros servicios"},"content":{"rendered":"<section class=\"l-section wpb_row misservicios height_custom\"><div class=\"l-section-h i-cf\"><div class=\"g-cols vc_row via_flex valign_top type_default stacking_default\"><div class=\"vc_col-sm-12 wpb_column vc_column_container\"><div class=\"vc_column-inner\"><div class=\"wpb_wrapper\"><div id=\"ultimate-heading-284369f4e2b1701cb\" class=\"uvc-heading ult-adjust-bottom-margin ultimate-heading-284369f4e2b1701cb uvc-4512 \" data-hspacer=\"no_spacer\"  data-halign=\"center\" style=\"text-align:center\"><div class=\"uvc-heading-spacer no_spacer\" style=\"top\"><\/div><div class=\"uvc-main-heading ult-responsive\"  data-ultimate-target='.uvc-heading.ultimate-heading-284369f4e2b1701cb h3'  data-responsive-json-new='{\"font-size\":\"\",\"line-height\":\"\"}' ><h3 style=\"font-weight:normal;color:#0e4b9c;\">Nuestras ambulancias cuentan con equipamiento completo y de \u00faltima generaci\u00f3n.<\/h3><\/div><\/div><div class=\"w-separator size_medium\"><\/div><\/div><\/div><\/div><div class=\"vc_col-sm-4 wpb_column vc_column_container\"><div class=\"vc_column-inner\"><div class=\"wpb_wrapper\"><div class=\"w-image has_ratio align_none meta_modern\"><a href=\"\/index.php\/traslado-de-pacientes-en-ambulancia\/\" aria-label=\"Traslado  de Pacientes\" class=\"w-image-h\"><div style=\"padding-bottom:100%\"><\/div><img decoding=\"async\" width=\"1024\" height=\"768\" src=\"https:\/\/ambulanciascruzdelsur.cl\/wp-content\/uploads\/2022\/05\/2FE6B198-0ABF-4D52-9B2E-AF3070B2F66C-1024x768.jpg\" class=\"attachment-large size-large\" alt=\"\" loading=\"lazy\" \/><div class=\"w-image-meta\"><div class=\"w-image-title\">Traslado  de Pacientes<\/div><div class=\"w-image-description\">Dentro y fuera de Santiago\n<\/div><\/div><\/a><\/div><\/div><\/div><\/div><div class=\"vc_col-sm-4 wpb_column vc_column_container\"><div class=\"vc_column-inner\"><div class=\"wpb_wrapper\"><div class=\"w-image has_ratio align_none meta_modern\"><a href=\"\/index.php\/ambulancia-para-asistencia-de-eventos\/\" aria-label=\"Asistencia de Eventos\" class=\"w-image-h\"><div style=\"padding-bottom:100%\"><\/div><img decoding=\"async\" width=\"1024\" height=\"576\" src=\"https:\/\/ambulanciascruzdelsur.cl\/wp-content\/uploads\/2022\/05\/20170902_100600-9-1024x576.jpg\" class=\"attachment-large size-large\" alt=\"\" loading=\"lazy\" \/><div class=\"w-image-meta\"><div class=\"w-image-title\">Asistencia de Eventos<\/div><\/div><\/a><\/div><\/div><\/div><\/div><div class=\"vc_col-sm-4 wpb_column vc_column_container\"><div class=\"vc_column-inner\"><div class=\"wpb_wrapper\"><div class=\"w-image has_ratio align_none meta_modern\"><a href=\"\/index.php\/arriendo-de-ambulancias\/\" aria-label=\"Arriendo de Ambulancias\" class=\"w-image-h\"><div style=\"padding-bottom:100%\"><\/div><img decoding=\"async\" width=\"700\" height=\"394\" src=\"https:\/\/ambulanciascruzdelsur.cl\/wp-content\/uploads\/2022\/05\/WhatsApp-Image-2018-06-01-at-15.27.34.jpg\" class=\"attachment-large size-large\" alt=\"\" loading=\"lazy\" \/><div class=\"w-image-meta\"><div class=\"w-image-title\">Arriendo de Ambulancias<\/div><\/div><\/a><\/div><\/div><\/div><\/div><\/div><\/div><\/section><section class=\"l-section wpb_row us_custom_04b5345d height_custom\"><div class=\"l-section-h i-cf\"><div class=\"g-cols vc_row via_flex valign_top type_default stacking_default\"><div class=\"vc_col-sm-12 wpb_column vc_column_container\"><div class=\"vc_column-inner\"><div class=\"wpb_wrapper\"><div id=\"ultimate-heading-747569f4e2b172563\" class=\"uvc-heading ult-adjust-bottom-margin ultimate-heading-747569f4e2b172563 uvc-7455 \" data-hspacer=\"no_spacer\"  data-halign=\"center\" style=\"text-align:center\"><div class=\"uvc-heading-spacer no_spacer\" style=\"top\"><\/div><div class=\"uvc-main-heading ult-responsive\"  data-ultimate-target='.uvc-heading.ultimate-heading-747569f4e2b172563 h3'  data-responsive-json-new='{\"font-size\":\"\",\"line-height\":\"\"}' ><h3 style=\"font-weight:normal;color:#0e4b9c;\">Galer\u00eda de Im\u00e1genes<\/h3><\/div><\/div><div class=\"w-separator size_medium\"><\/div><div class=\"wpb_text_column\"><div class=\"wpb_wrapper\"><style>#jtg-8023 .modula-item .jtg-social a, .lightbox-socials.jtg-social a{ fill: #ffffff; color: #ffffff }#jtg-8023 .modula-item .jtg-social-expandable a, #jtg-8023 .modula-item .jtg-social-expandable-icons a{ fill: #ffffff; color: #ffffff }#jtg-8023 .modula-item .jtg-social svg, .lightbox-socials.jtg-social svg { height: 16px; width: 16px }#jtg-8023 .modula-item .jtg-social-expandable svg { height: 16px; width: 16px }#jtg-8023 .modula-item .jtg-social-expandable-icons svg { height: 16px; width: 16px }#jtg-8023 .modula-item .jtg-social a:not(:last-child), .lightbox-socials.jtg-social a:not(:last-child) { margin-right: 10px }#jtg-8023 .modula-item .jtg-social-expandable-icons { gap: 10px }#jtg-8023 .modula-item .figc {color:#ffffff;}#jtg-8023 .modula-item .modula-item-content { transform: scale(1); }#jtg-8023 .modula-items .figc p.description { font-size:14px; }#jtg-8023 .modula-items .figc p.description { color:#ffffff;}#jtg-8023.modula-gallery .modula-item > a, #jtg-8023.modula-gallery .modula-item, #jtg-8023.modula-gallery .modula-item-content > a:not(.modula-no-follow) { cursor:zoom-in; } #jtg-8023.modula-gallery .modula-item-content .modula-no-follow { cursor: default; } @media screen and (max-width:480px){#jtg-8023 .modula-item .figc .jtg-title {  font-size: 12px; }#jtg-8023 .modula-items .figc p.description { color:#ffffff;font-size:10px; }}<\/style>\n<div  id=\"jtg-8023\" class=\"modula modula-gallery modula-custom-grid\" data-config=\"{&quot;height&quot;:800,&quot;tabletHeight&quot;:800,&quot;mobileHeight&quot;:800,&quot;desktopHeight&quot;:800,&quot;enableTwitter&quot;:false,&quot;enableWhatsapp&quot;:false,&quot;enableFacebook&quot;:false,&quot;enablePinterest&quot;:false,&quot;enableLinkedin&quot;:false,&quot;enableEmail&quot;:false,&quot;randomFactor&quot;:0.5,&quot;type&quot;:&quot;custom-grid&quot;,&quot;columns&quot;:12,&quot;gutter&quot;:10,&quot;mobileGutter&quot;:10,&quot;tabletGutter&quot;:10,&quot;desktopGutter&quot;:10,&quot;enableResponsive&quot;:&quot;0&quot;,&quot;tabletColumns&quot;:&quot;2&quot;,&quot;mobileColumns&quot;:&quot;1&quot;,&quot;lazyLoad&quot;:0,&quot;lightboxOpts&quot;:{&quot;animated&quot;:true,&quot;Thumbs&quot;:{&quot;type&quot;:&quot;modern&quot;,&quot;showOnStart&quot;:false},&quot;Toolbar&quot;:{&quot;display&quot;:{&quot;right&quot;:[&quot;close&quot;]},&quot;enabled&quot;:true},&quot;Carousel&quot;:{&quot;Panzoom&quot;:{&quot;touch&quot;:false},&quot;infinite&quot;:false},&quot;keyboard&quot;:{&quot;Escape&quot;:&quot;close&quot;,&quot;Delete&quot;:&quot;close&quot;,&quot;Backspace&quot;:&quot;close&quot;,&quot;PageUp&quot;:false,&quot;PageDown&quot;:false,&quot;ArrowUp&quot;:false,&quot;ArrowDown&quot;:false,&quot;ArrowRight&quot;:false,&quot;ArrowLeft&quot;:false},&quot;touch&quot;:false,&quot;backdropClick&quot;:false,&quot;l10n&quot;:{&quot;CLOSE&quot;:&quot;Cerrar&quot;,&quot;NEXT&quot;:&quot;Siguiente&quot;,&quot;PREV&quot;:&quot;Anterior&quot;,&quot;Error&quot;:&quot;No se ha podido cargar el contenido solicitado. Por favor, int\\u00e9ntalo de nuevo m\\u00e1s tarde.&quot;,&quot;PLAY_START&quot;:&quot;Empezar la presentaci\\u00f3n&quot;,&quot;PLAY_STOP&quot;:&quot;Pausar la presentaci\\u00f3n&quot;,&quot;FULL_SCREEN&quot;:&quot;Pantalla completa&quot;,&quot;THUMBS&quot;:&quot;Miniaturas&quot;,&quot;DOWNLOAD&quot;:&quot;Descargar&quot;,&quot;SHARE&quot;:&quot;Compartir&quot;,&quot;ZOOM&quot;:&quot;Zoom&quot;,&quot;EMAIL&quot;:&quot;Here is the link to the image : %%image_link%% and this is the link to the gallery : %%gallery_link%%&quot;,&quot;MODAL&quot;:&quot;Puedes cerrar este contenido emergente con la tecla ESC&quot;,&quot;ERROR&quot;:&quot;Algo ha ido mal, pro favor, prueba de nuevo m\\u00e1s tarde&quot;,&quot;IMAGE_ERROR&quot;:&quot;Imagen no encontrada&quot;,&quot;ELEMENT_NOT_FOUND&quot;:&quot;No se ha encontrado el elemento HTML&quot;,&quot;AJAX_NOT_FOUND&quot;:&quot;Error al cargar AJAX: No encontrado&quot;,&quot;AJAX_FORBIDDEN&quot;:&quot;Error al cargar AJAX: Prohibido&quot;,&quot;IFRAME_ERROR&quot;:&quot;Error al cargar la p\\u00e1gina&quot;,&quot;TOGGLE_ZOOM&quot;:&quot;Alternar nivel de ampliar\\\/acercar&quot;,&quot;TOGGLE_THUMBS&quot;:&quot;Alternar miniaturas&quot;,&quot;TOGGLE_SLIDESHOW&quot;:&quot;Alternar diapositiva&quot;,&quot;TOGGLE_FULLSCREEN&quot;:&quot;Cambiar al modo de pantalla completa&quot;},&quot;Images&quot;:{&quot;Panzoom&quot;:{&quot;maxScale&quot;:2}},&quot;mainClass&quot;:&quot;modula-fancybox-container modula-lightbox-jtg-8023&quot;,&quot;Html&quot;:{&quot;videoAutoplay&quot;:0,&quot;videoTpl&quot;:&quot;&lt;video class=\\&quot;fancybox__html5video\\&quot; controls muted playsinline controlsList controlsList=\\&quot;nodownload\\&quot; poster=\\&quot;{{poster}}\\&quot; src=\\&quot;{{src}}\\&quot; type=\\&quot;{{format}}\\&quot; &gt;  Sorry, your browser doesn&#039;t support embedded videos, &lt;a href=\\&quot;{{src}}\\&quot;&gt; download &lt;\\\/a&gt; and watch with your favorite video player! &lt;\\\/video&gt;&quot;}},&quot;inView&quot;:false,&quot;email_subject&quot;:&quot;Check out this awesome image !!&quot;,&quot;email_message&quot;:&quot;Here is the link to the image : %%image_link%% and this is the link to the gallery : %%gallery_link%%&quot;,&quot;lightbox&quot;:&quot;fancybox&quot;}\">\n\n\t\n\t<div  class=\"modula-items\">\n\t\t<div class=\"modula-item effect-pufrobo\" data-width=\"3\" data-height=\"3\" >\n\t<div class=\"modula-item-overlay\"><\/div>\n\n\t<div class=\"modula-item-content\">\n\n\t\t\t\t\n\t\t\t\t\t<a data-image-id=\"8030\" role=\"button\" tabindex=\"0\" rel=\"jtg-8023\" data-caption=\"\" aria-label=\"Abrir la imagen en una caja de luz\" class=\"tile-inner modula-item-link\"><\/a>\n\t\t\n\t\t<img loading=\"lazy\" decoding=\"async\" class=\"pic wp-image-8030\"  data-valign=\"middle\" data-halign=\"center\" alt=\"\" data-full=\"https:\/\/ambulanciascruzdelsur.cl\/wp-content\/uploads\/2022\/05\/EF3F5AD3-FFF8-48A4-AD8B-D59759E3F270.jpg\" title=\"EF3F5AD3-FFF8-48A4-AD8B-D59759E3F270\" width=\"225\" height=\"300\" src=\"https:\/\/ambulanciascruzdelsur.cl\/wp-content\/uploads\/2022\/05\/EF3F5AD3-FFF8-48A4-AD8B-D59759E3F270-225x300.jpg\" data-src=\"https:\/\/ambulanciascruzdelsur.cl\/wp-content\/uploads\/2022\/05\/EF3F5AD3-FFF8-48A4-AD8B-D59759E3F270-225x300.jpg\" data-caption=\"\" srcset=\"https:\/\/ambulanciascruzdelsur.cl\/wp-content\/uploads\/2022\/05\/EF3F5AD3-FFF8-48A4-AD8B-D59759E3F270.jpg 864w, https:\/\/ambulanciascruzdelsur.cl\/wp-content\/uploads\/2022\/05\/EF3F5AD3-FFF8-48A4-AD8B-D59759E3F270-225x300.jpg 225w, https:\/\/ambulanciascruzdelsur.cl\/wp-content\/uploads\/2022\/05\/EF3F5AD3-FFF8-48A4-AD8B-D59759E3F270-768x1024.jpg 768w, https:\/\/ambulanciascruzdelsur.cl\/wp-content\/uploads\/2022\/05\/EF3F5AD3-FFF8-48A4-AD8B-D59759E3F270-600x800.jpg 600w\" sizes=\"auto, (max-width: 225px) 100vw, 225px\" \/>\n\t\t<div class=\"figc no-description\">\n\t\t\t<div class=\"figc-inner\">\n\t\t\t\t\t\t\t\t\t\t\t\t\t\t\t<\/div>\n\t\t<\/div>\n\n\t<\/div>\n\n<\/div><div class=\"modula-item effect-pufrobo\" data-width=\"3\" data-height=\"3\" >\n\t<div class=\"modula-item-overlay\"><\/div>\n\n\t<div class=\"modula-item-content\">\n\n\t\t\t\t\n\t\t\t\t\t<a data-image-id=\"8024\" role=\"button\" tabindex=\"0\" rel=\"jtg-8023\" data-caption=\"\" aria-label=\"Abrir la imagen en una caja de luz\" class=\"tile-inner modula-item-link\"><\/a>\n\t\t\n\t\t<img loading=\"lazy\" decoding=\"async\" class=\"pic wp-image-8024\"  data-valign=\"middle\" data-halign=\"center\" alt=\"\" data-full=\"https:\/\/ambulanciascruzdelsur.cl\/wp-content\/uploads\/2022\/05\/6C14FBEC-7A36-4DE6-9793-B98E5CB1512D.jpg\" title=\"6C14FBEC-7A36-4DE6-9793-B98E5CB1512D\" width=\"225\" height=\"300\" src=\"https:\/\/ambulanciascruzdelsur.cl\/wp-content\/uploads\/2022\/05\/6C14FBEC-7A36-4DE6-9793-B98E5CB1512D-225x300.jpg\" data-src=\"https:\/\/ambulanciascruzdelsur.cl\/wp-content\/uploads\/2022\/05\/6C14FBEC-7A36-4DE6-9793-B98E5CB1512D-225x300.jpg\" data-caption=\"\" srcset=\"https:\/\/ambulanciascruzdelsur.cl\/wp-content\/uploads\/2022\/05\/6C14FBEC-7A36-4DE6-9793-B98E5CB1512D.jpg 864w, https:\/\/ambulanciascruzdelsur.cl\/wp-content\/uploads\/2022\/05\/6C14FBEC-7A36-4DE6-9793-B98E5CB1512D-225x300.jpg 225w, https:\/\/ambulanciascruzdelsur.cl\/wp-content\/uploads\/2022\/05\/6C14FBEC-7A36-4DE6-9793-B98E5CB1512D-768x1024.jpg 768w, https:\/\/ambulanciascruzdelsur.cl\/wp-content\/uploads\/2022\/05\/6C14FBEC-7A36-4DE6-9793-B98E5CB1512D-600x800.jpg 600w\" sizes=\"auto, (max-width: 225px) 100vw, 225px\" \/>\n\t\t<div class=\"figc no-description\">\n\t\t\t<div class=\"figc-inner\">\n\t\t\t\t\t\t\t\t\t\t\t\t\t\t\t<\/div>\n\t\t<\/div>\n\n\t<\/div>\n\n<\/div><div class=\"modula-item effect-pufrobo\" data-width=\"3\" data-height=\"3\" >\n\t<div class=\"modula-item-overlay\"><\/div>\n\n\t<div class=\"modula-item-content\">\n\n\t\t\t\t\n\t\t\t\t\t<a data-image-id=\"8025\" role=\"button\" tabindex=\"0\" rel=\"jtg-8023\" data-caption=\"\" aria-label=\"Abrir la imagen en una caja de luz\" class=\"tile-inner modula-item-link\"><\/a>\n\t\t\n\t\t<img loading=\"lazy\" decoding=\"async\" class=\"pic wp-image-8025\"  data-valign=\"middle\" data-halign=\"center\" alt=\"\" data-full=\"https:\/\/ambulanciascruzdelsur.cl\/wp-content\/uploads\/2022\/05\/8C7F6133-D241-40C8-B5E6-4AF2CF024A31.jpg\" title=\"8C7F6133-D241-40C8-B5E6-4AF2CF024A31\" width=\"225\" height=\"300\" src=\"https:\/\/ambulanciascruzdelsur.cl\/wp-content\/uploads\/2022\/05\/8C7F6133-D241-40C8-B5E6-4AF2CF024A31-225x300.jpg\" data-src=\"https:\/\/ambulanciascruzdelsur.cl\/wp-content\/uploads\/2022\/05\/8C7F6133-D241-40C8-B5E6-4AF2CF024A31-225x300.jpg\" data-caption=\"\" srcset=\"https:\/\/ambulanciascruzdelsur.cl\/wp-content\/uploads\/2022\/05\/8C7F6133-D241-40C8-B5E6-4AF2CF024A31.jpg 864w, https:\/\/ambulanciascruzdelsur.cl\/wp-content\/uploads\/2022\/05\/8C7F6133-D241-40C8-B5E6-4AF2CF024A31-225x300.jpg 225w, https:\/\/ambulanciascruzdelsur.cl\/wp-content\/uploads\/2022\/05\/8C7F6133-D241-40C8-B5E6-4AF2CF024A31-768x1024.jpg 768w, https:\/\/ambulanciascruzdelsur.cl\/wp-content\/uploads\/2022\/05\/8C7F6133-D241-40C8-B5E6-4AF2CF024A31-600x800.jpg 600w\" sizes=\"auto, (max-width: 225px) 100vw, 225px\" \/>\n\t\t<div class=\"figc no-description\">\n\t\t\t<div class=\"figc-inner\">\n\t\t\t\t\t\t\t\t\t\t\t\t\t\t\t<\/div>\n\t\t<\/div>\n\n\t<\/div>\n\n<\/div><div class=\"modula-item effect-pufrobo\" data-width=\"3\" data-height=\"3\" >\n\t<div class=\"modula-item-overlay\"><\/div>\n\n\t<div class=\"modula-item-content\">\n\n\t\t\t\t\n\t\t\t\t\t<a data-image-id=\"8026\" role=\"button\" tabindex=\"0\" rel=\"jtg-8023\" data-caption=\"\" aria-label=\"Abrir la imagen en una caja de luz\" class=\"tile-inner modula-item-link\"><\/a>\n\t\t\n\t\t<img loading=\"lazy\" decoding=\"async\" class=\"pic wp-image-8026\"  data-valign=\"middle\" data-halign=\"center\" alt=\"\" data-full=\"https:\/\/ambulanciascruzdelsur.cl\/wp-content\/uploads\/2022\/05\/74EF1615-A3EE-48D6-A5A1-BB02C20B21EF.jpg\" title=\"74EF1615-A3EE-48D6-A5A1-BB02C20B21EF\" width=\"225\" height=\"300\" src=\"https:\/\/ambulanciascruzdelsur.cl\/wp-content\/uploads\/2022\/05\/74EF1615-A3EE-48D6-A5A1-BB02C20B21EF-225x300.jpg\" data-src=\"https:\/\/ambulanciascruzdelsur.cl\/wp-content\/uploads\/2022\/05\/74EF1615-A3EE-48D6-A5A1-BB02C20B21EF-225x300.jpg\" data-caption=\"\" srcset=\"https:\/\/ambulanciascruzdelsur.cl\/wp-content\/uploads\/2022\/05\/74EF1615-A3EE-48D6-A5A1-BB02C20B21EF.jpg 864w, https:\/\/ambulanciascruzdelsur.cl\/wp-content\/uploads\/2022\/05\/74EF1615-A3EE-48D6-A5A1-BB02C20B21EF-225x300.jpg 225w, https:\/\/ambulanciascruzdelsur.cl\/wp-content\/uploads\/2022\/05\/74EF1615-A3EE-48D6-A5A1-BB02C20B21EF-768x1024.jpg 768w, https:\/\/ambulanciascruzdelsur.cl\/wp-content\/uploads\/2022\/05\/74EF1615-A3EE-48D6-A5A1-BB02C20B21EF-600x800.jpg 600w\" sizes=\"auto, (max-width: 225px) 100vw, 225px\" \/>\n\t\t<div class=\"figc no-description\">\n\t\t\t<div class=\"figc-inner\">\n\t\t\t\t\t\t\t\t\t\t\t\t\t\t\t<\/div>\n\t\t<\/div>\n\n\t<\/div>\n\n<\/div><div class=\"modula-item effect-pufrobo\" data-width=\"3\" data-height=\"3\" >\n\t<div class=\"modula-item-overlay\"><\/div>\n\n\t<div class=\"modula-item-content\">\n\n\t\t\t\t\n\t\t\t\t\t<a data-image-id=\"8031\" role=\"button\" tabindex=\"0\" rel=\"jtg-8023\" data-caption=\"\" aria-label=\"Abrir la imagen en una caja de luz\" class=\"tile-inner modula-item-link\"><\/a>\n\t\t\n\t\t<img loading=\"lazy\" decoding=\"async\" class=\"pic wp-image-8031\"  data-valign=\"middle\" data-halign=\"center\" alt=\"\" data-full=\"https:\/\/ambulanciascruzdelsur.cl\/wp-content\/uploads\/2022\/05\/F041DC99-F36A-421F-A078-7E3C7A13CF5F.jpg\" title=\"F041DC99-F36A-421F-A078-7E3C7A13CF5F\" width=\"225\" height=\"300\" src=\"https:\/\/ambulanciascruzdelsur.cl\/wp-content\/uploads\/2022\/05\/F041DC99-F36A-421F-A078-7E3C7A13CF5F-225x300.jpg\" data-src=\"https:\/\/ambulanciascruzdelsur.cl\/wp-content\/uploads\/2022\/05\/F041DC99-F36A-421F-A078-7E3C7A13CF5F-225x300.jpg\" data-caption=\"\" srcset=\"https:\/\/ambulanciascruzdelsur.cl\/wp-content\/uploads\/2022\/05\/F041DC99-F36A-421F-A078-7E3C7A13CF5F.jpg 864w, https:\/\/ambulanciascruzdelsur.cl\/wp-content\/uploads\/2022\/05\/F041DC99-F36A-421F-A078-7E3C7A13CF5F-225x300.jpg 225w, https:\/\/ambulanciascruzdelsur.cl\/wp-content\/uploads\/2022\/05\/F041DC99-F36A-421F-A078-7E3C7A13CF5F-768x1024.jpg 768w, https:\/\/ambulanciascruzdelsur.cl\/wp-content\/uploads\/2022\/05\/F041DC99-F36A-421F-A078-7E3C7A13CF5F-600x800.jpg 600w\" sizes=\"auto, (max-width: 225px) 100vw, 225px\" \/>\n\t\t<div class=\"figc no-description\">\n\t\t\t<div class=\"figc-inner\">\n\t\t\t\t\t\t\t\t\t\t\t\t\t\t\t<\/div>\n\t\t<\/div>\n\n\t<\/div>\n\n<\/div><div class=\"modula-item effect-pufrobo\" data-width=\"3\" data-height=\"3\" >\n\t<div class=\"modula-item-overlay\"><\/div>\n\n\t<div class=\"modula-item-content\">\n\n\t\t\t\t\n\t\t\t\t\t<a data-image-id=\"8027\" role=\"button\" tabindex=\"0\" rel=\"jtg-8023\" data-caption=\"\" aria-label=\"Abrir la imagen en una caja de luz\" class=\"tile-inner modula-item-link\"><\/a>\n\t\t\n\t\t<img loading=\"lazy\" decoding=\"async\" class=\"pic wp-image-8027\"  data-valign=\"middle\" data-halign=\"center\" alt=\"\" data-full=\"https:\/\/ambulanciascruzdelsur.cl\/wp-content\/uploads\/2022\/05\/1150A092-C87C-4511-8560-9461EB8AC67F.jpg\" title=\"1150A092-C87C-4511-8560-9461EB8AC67F\" width=\"225\" height=\"300\" src=\"https:\/\/ambulanciascruzdelsur.cl\/wp-content\/uploads\/2022\/05\/1150A092-C87C-4511-8560-9461EB8AC67F-225x300.jpg\" data-src=\"https:\/\/ambulanciascruzdelsur.cl\/wp-content\/uploads\/2022\/05\/1150A092-C87C-4511-8560-9461EB8AC67F-225x300.jpg\" data-caption=\"\" srcset=\"https:\/\/ambulanciascruzdelsur.cl\/wp-content\/uploads\/2022\/05\/1150A092-C87C-4511-8560-9461EB8AC67F.jpg 864w, https:\/\/ambulanciascruzdelsur.cl\/wp-content\/uploads\/2022\/05\/1150A092-C87C-4511-8560-9461EB8AC67F-225x300.jpg 225w, https:\/\/ambulanciascruzdelsur.cl\/wp-content\/uploads\/2022\/05\/1150A092-C87C-4511-8560-9461EB8AC67F-768x1024.jpg 768w, https:\/\/ambulanciascruzdelsur.cl\/wp-content\/uploads\/2022\/05\/1150A092-C87C-4511-8560-9461EB8AC67F-600x800.jpg 600w\" sizes=\"auto, (max-width: 225px) 100vw, 225px\" \/>\n\t\t<div class=\"figc no-description\">\n\t\t\t<div class=\"figc-inner\">\n\t\t\t\t\t\t\t\t\t\t\t\t\t\t\t<\/div>\n\t\t<\/div>\n\n\t<\/div>\n\n<\/div><div class=\"modula-item effect-pufrobo\" data-width=\"3\" data-height=\"3\" >\n\t<div class=\"modula-item-overlay\"><\/div>\n\n\t<div class=\"modula-item-content\">\n\n\t\t\t\t\n\t\t\t\t\t<a data-image-id=\"8028\" role=\"button\" tabindex=\"0\" rel=\"jtg-8023\" data-caption=\"\" aria-label=\"Abrir la imagen en una caja de luz\" class=\"tile-inner modula-item-link\"><\/a>\n\t\t\n\t\t<img loading=\"lazy\" decoding=\"async\" class=\"pic wp-image-8028\"  data-valign=\"middle\" data-halign=\"center\" alt=\"\" data-full=\"https:\/\/ambulanciascruzdelsur.cl\/wp-content\/uploads\/2022\/05\/8416CA6E-6EFB-4B95-9575-6731D311B875.jpg\" title=\"8416CA6E-6EFB-4B95-9575-6731D311B875\" width=\"148\" height=\"300\" src=\"https:\/\/ambulanciascruzdelsur.cl\/wp-content\/uploads\/2022\/05\/8416CA6E-6EFB-4B95-9575-6731D311B875-148x300.jpg\" data-src=\"https:\/\/ambulanciascruzdelsur.cl\/wp-content\/uploads\/2022\/05\/8416CA6E-6EFB-4B95-9575-6731D311B875-148x300.jpg\" data-caption=\"\" srcset=\"https:\/\/ambulanciascruzdelsur.cl\/wp-content\/uploads\/2022\/05\/8416CA6E-6EFB-4B95-9575-6731D311B875.jpg 568w, https:\/\/ambulanciascruzdelsur.cl\/wp-content\/uploads\/2022\/05\/8416CA6E-6EFB-4B95-9575-6731D311B875-148x300.jpg 148w, https:\/\/ambulanciascruzdelsur.cl\/wp-content\/uploads\/2022\/05\/8416CA6E-6EFB-4B95-9575-6731D311B875-505x1024.jpg 505w\" sizes=\"auto, (max-width: 148px) 100vw, 148px\" \/>\n\t\t<div class=\"figc no-description\">\n\t\t\t<div class=\"figc-inner\">\n\t\t\t\t\t\t\t\t\t\t\t\t\t\t\t<\/div>\n\t\t<\/div>\n\n\t<\/div>\n\n<\/div><div class=\"modula-item effect-pufrobo\" data-width=\"3\" data-height=\"3\" >\n\t<div class=\"modula-item-overlay\"><\/div>\n\n\t<div class=\"modula-item-content\">\n\n\t\t\t\t\n\t\t\t\t\t<a data-image-id=\"8029\" role=\"button\" tabindex=\"0\" rel=\"jtg-8023\" data-caption=\"\" aria-label=\"Abrir la imagen en una caja de luz\" class=\"tile-inner modula-item-link\"><\/a>\n\t\t\n\t\t<img loading=\"lazy\" decoding=\"async\" class=\"pic wp-image-8029\"  data-valign=\"middle\" data-halign=\"center\" alt=\"\" data-full=\"https:\/\/ambulanciascruzdelsur.cl\/wp-content\/uploads\/2022\/05\/EA987179-503B-4AD7-96C7-553335885037.jpg\" title=\"EA987179-503B-4AD7-96C7-553335885037\" width=\"225\" height=\"300\" src=\"https:\/\/ambulanciascruzdelsur.cl\/wp-content\/uploads\/2022\/05\/EA987179-503B-4AD7-96C7-553335885037-225x300.jpg\" data-src=\"https:\/\/ambulanciascruzdelsur.cl\/wp-content\/uploads\/2022\/05\/EA987179-503B-4AD7-96C7-553335885037-225x300.jpg\" data-caption=\"\" srcset=\"https:\/\/ambulanciascruzdelsur.cl\/wp-content\/uploads\/2022\/05\/EA987179-503B-4AD7-96C7-553335885037.jpg 864w, https:\/\/ambulanciascruzdelsur.cl\/wp-content\/uploads\/2022\/05\/EA987179-503B-4AD7-96C7-553335885037-225x300.jpg 225w, https:\/\/ambulanciascruzdelsur.cl\/wp-content\/uploads\/2022\/05\/EA987179-503B-4AD7-96C7-553335885037-768x1024.jpg 768w, https:\/\/ambulanciascruzdelsur.cl\/wp-content\/uploads\/2022\/05\/EA987179-503B-4AD7-96C7-553335885037-600x800.jpg 600w\" sizes=\"auto, (max-width: 225px) 100vw, 225px\" \/>\n\t\t<div class=\"figc no-description\">\n\t\t\t<div class=\"figc-inner\">\n\t\t\t\t\t\t\t\t\t\t\t\t\t\t\t<\/div>\n\t\t<\/div>\n\n\t<\/div>\n\n<\/div>\t\t\n\t<\/div>\n\n\t\n\t\n\t<script type=\"application\/ld+json\">\n\t{\n\t\t\"@context\": \"http:\/\/schema.org\",\n\t\t\"@type\"   : \"ImageGallery\",\n\t\t\"id\"      : \"https:\/\/ambulanciascruzdelsur.cl\/index.php\/nuestros-servicios\/\",\n\t\t\"url\"     : \"https:\/\/ambulanciascruzdelsur.cl\/index.php\/nuestros-servicios\/\"\n\t}\n\n\t<\/script>\n\n\t\n<\/div>\n\n<\/div><\/div><\/div><\/div><\/div><\/div><\/div><\/section><!-- Row Backgrounds --><div class=\"upb_color\" data-bg-override=\"0\" data-bg-color=\"#f7f7f7\" data-fadeout=\"\" data-fadeout-percentage=\"30\" data-parallax-content=\"\" data-parallax-content-sense=\"30\" data-row-effect-mobile-disable=\"true\" data-img-parallax-mobile-disable=\"true\" data-rtl=\"false\"  data-custom-vc-row=\"\"  data-vc=\"6.8.0\"  data-is_old_vc=\"\"  data-theme-support=\"\"   data-overlay=\"false\" data-overlay-color=\"\" data-overlay-pattern=\"\" data-overlay-pattern-opacity=\"\" data-overlay-pattern-size=\"\"    ><\/div>\n","protected":false},"excerpt":{"rendered":"Nuestras ambulancias cuentan con equipamiento completo y de \u00faltima generaci\u00f3n.Traslado de PacientesDentro y fuera de Santiago Asistencia de EventosArriendo de AmbulanciasGaler\u00eda de Im\u00e1genes","protected":false},"author":2,"featured_media":0,"parent":0,"menu_order":0,"comment_status":"closed","ping_status":"closed","template":"","meta":{"_acf_changed":false,"_monsterinsights_skip_tracking":false,"_monsterinsights_sitenote_active":false,"_monsterinsights_sitenote_note":"","_monsterinsights_sitenote_category":0,"footnotes":""},"class_list":["post-8004","page","type-page","status-publish","hentry"],"acf":[],"aioseo_notices":[],"_links":{"self":[{"href":"https:\/\/ambulanciascruzdelsur.cl\/index.php\/wp-json\/wp\/v2\/pages\/8004","targetHints":{"allow":["GET"]}}],"collection":[{"href":"https:\/\/ambulanciascruzdelsur.cl\/index.php\/wp-json\/wp\/v2\/pages"}],"about":[{"href":"https:\/\/ambulanciascruzdelsur.cl\/index.php\/wp-json\/wp\/v2\/types\/page"}],"author":[{"embeddable":true,"href":"https:\/\/ambulanciascruzdelsur.cl\/index.php\/wp-json\/wp\/v2\/users\/2"}],"replies":[{"embeddable":true,"href":"https:\/\/ambulanciascruzdelsur.cl\/index.php\/wp-json\/wp\/v2\/comments?post=8004"}],"version-history":[{"count":16,"href":"https:\/\/ambulanciascruzdelsur.cl\/index.php\/wp-json\/wp\/v2\/pages\/8004\/revisions"}],"predecessor-version":[{"id":8206,"href":"https:\/\/ambulanciascruzdelsur.cl\/index.php\/wp-json\/wp\/v2\/pages\/8004\/revisions\/8206"}],"wp:attachment":[{"href":"https:\/\/ambulanciascruzdelsur.cl\/index.php\/wp-json\/wp\/v2\/media?parent=8004"}],"curies":[{"name":"wp","href":"https:\/\/api.w.org\/{rel}","templated":true}]}}