{"id":8010,"date":"2022-05-09T15:36:41","date_gmt":"2022-05-09T15:36:41","guid":{"rendered":"http:\/\/ambulanciascruzdelsur.srtv.cl\/?page_id=8010"},"modified":"2023-04-12T22:22:42","modified_gmt":"2023-04-12T22:22:42","slug":"ambulancia-para-asistencia-de-eventos","status":"publish","type":"page","link":"https:\/\/ambulanciascruzdelsur.cl\/index.php\/ambulancia-para-asistencia-de-eventos\/","title":{"rendered":"Ambulancia para Asistencia de Eventos"},"content":{"rendered":"<section class=\"l-section wpb_row height_custom\"><div class=\"l-section-h i-cf\"><div class=\"g-cols vc_row via_flex valign_top type_default stacking_default\"><div class=\"vc_col-sm-6 wpb_column vc_column_container\"><div class=\"vc_column-inner\"><div class=\"wpb_wrapper\"><div class=\"wpb_text_column us_custom_432d3f53\"><div class=\"wpb_wrapper\"><p>La contrataci\u00f3n de ambulancias para la asistencia de eventos se ha concebido como una medida de seguridad altamente efectiva y necesaria para prevenir la incidencia de accidentes, lesiones o enfermedades que puedan afectar la integridad individual o colectiva de los asistentes.<\/p>\n<p>Ambulancias Cruz del Sur cuenta con una flota de ambulancias debidamente equipadas: sistema de iluminaci\u00f3n, radios, terminales, CCTV, tanques de ox\u00edgeno, vendas, gasas, entre m\u00faltiples insumos e instrumentos para la correcta asistencia m\u00e9dica de los eventos.<\/p>\n<p>La continua capacitaci\u00f3n de nuestro personal, la variedad de equipamiento y la experiencia en el \u00e1rea de asistencia de eventos con ambulancias nos ha convertido en una de las m\u00e1s confiables empresas para la prestaci\u00f3n de servicios de ambulancias privadas.<\/p>\n<\/div><\/div><div class=\"w-separator size_medium\"><\/div><div id=\"ultimate-heading-73769f50b7f0a03a\" class=\"uvc-heading ult-adjust-bottom-margin ultimate-heading-73769f50b7f0a03a uvc-4178 \" data-hspacer=\"no_spacer\"  data-halign=\"center\" style=\"text-align:center\"><div class=\"uvc-heading-spacer no_spacer\" style=\"top\"><\/div><div class=\"uvc-main-heading ult-responsive\"  data-ultimate-target='.uvc-heading.ultimate-heading-73769f50b7f0a03a h3'  data-responsive-json-new='{\"font-size\":\"\",\"line-height\":\"\"}' ><h3 style=\"font-weight:normal;color:#0e4b9c;\">Cotizar Servicio<\/h3><\/div><\/div><div class=\"wpb_text_column\"><div class=\"wpb_wrapper\">\n<div class=\"wpcf7 no-js\" id=\"wpcf7-f13-o1\" lang=\"es-ES\" dir=\"ltr\" data-wpcf7-id=\"13\">\n<div class=\"screen-reader-response\"><p role=\"status\" aria-live=\"polite\" aria-atomic=\"true\"><\/p> <ul><\/ul><\/div>\n<form action=\"\/index.php\/wp-json\/wp\/v2\/pages\/8010#wpcf7-f13-o1\" method=\"post\" class=\"wpcf7-form init\" aria-label=\"Formulario de contacto\" novalidate=\"novalidate\" data-status=\"init\">\n<fieldset class=\"hidden-fields-container\"><input type=\"hidden\" name=\"_wpcf7\" value=\"13\" \/><input type=\"hidden\" name=\"_wpcf7_version\" value=\"6.1.3\" \/><input type=\"hidden\" name=\"_wpcf7_locale\" value=\"es_ES\" \/><input type=\"hidden\" name=\"_wpcf7_unit_tag\" value=\"wpcf7-f13-o1\" \/><input type=\"hidden\" name=\"_wpcf7_container_post\" value=\"0\" \/><input type=\"hidden\" name=\"_wpcf7_posted_data_hash\" value=\"\" \/><input type=\"hidden\" name=\"_wpcf7_recaptcha_response\" value=\"\" \/>\n<\/fieldset>\n<p><label> Tu nombre<br \/>\n<span class=\"wpcf7-form-control-wrap\" data-name=\"your-name\"><input size=\"40\" maxlength=\"400\" class=\"wpcf7-form-control wpcf7-text wpcf7-validates-as-required\" aria-required=\"true\" aria-invalid=\"false\" value=\"\" type=\"text\" name=\"your-name\" \/><\/span> <\/label>\n<\/p>\n<p><label> Tu correo electr\u00f3nico<br \/>\n<span class=\"wpcf7-form-control-wrap\" data-name=\"your-email\"><input size=\"40\" maxlength=\"400\" class=\"wpcf7-form-control wpcf7-email wpcf7-validates-as-required wpcf7-text wpcf7-validates-as-email\" aria-required=\"true\" aria-invalid=\"false\" value=\"\" type=\"email\" name=\"your-email\" \/><\/span> <\/label>\n<\/p>\n<p><label> Tu Tel\u00e9fono<br \/>\n<span class=\"wpcf7-form-control-wrap\" data-name=\"your-phone\"><input size=\"40\" maxlength=\"400\" class=\"wpcf7-form-control wpcf7-text wpcf7-validates-as-required\" aria-required=\"true\" aria-invalid=\"false\" value=\"\" type=\"text\" name=\"your-phone\" \/><\/span> <\/label>\n<\/p>\n<p><label> Asunto<br \/>\n<span class=\"wpcf7-form-control-wrap\" data-name=\"your-subject\"><input size=\"40\" maxlength=\"400\" class=\"wpcf7-form-control wpcf7-text wpcf7-validates-as-required\" aria-required=\"true\" aria-invalid=\"false\" value=\"\" type=\"text\" name=\"your-subject\" \/><\/span> <\/label>\n<\/p>\n<p><label> Tu mensaje (opcional)<br \/>\n<span class=\"wpcf7-form-control-wrap\" data-name=\"your-message\"><textarea cols=\"40\" rows=\"10\" maxlength=\"2000\" class=\"wpcf7-form-control wpcf7-textarea\" aria-invalid=\"false\" name=\"your-message\"><\/textarea><\/span> <\/label>\n<\/p>\n<p><input class=\"wpcf7-form-control wpcf7-submit has-spinner\" type=\"submit\" value=\"Enviar\" \/>\n<\/p><p style=\"display: none !important;\" class=\"akismet-fields-container\" data-prefix=\"_wpcf7_ak_\"><label>&#916;<textarea name=\"_wpcf7_ak_hp_textarea\" cols=\"45\" rows=\"8\" maxlength=\"100\"><\/textarea><\/label><input type=\"hidden\" id=\"ak_js_1\" name=\"_wpcf7_ak_js\" value=\"223\"\/><script>document.getElementById( \"ak_js_1\" ).setAttribute( \"value\", ( new Date() ).getTime() );<\/script><\/p><div class=\"wpcf7-response-output\" aria-hidden=\"true\"><\/div>\n<\/form>\n<\/div>\n\n<\/div><\/div><\/div><\/div><\/div><div class=\"vc_col-sm-6 wpb_column vc_column_container\"><div class=\"vc_column-inner\"><div class=\"wpb_wrapper\"><div class=\"w-slider style_none fit_scaledown nav_thumbs count_4\" style=\"--thumbs-width:4rem;--thumbs-gap:4px;\"><div class=\"w-slider-h\"><div class=\"royalSlider\"><div class=\"rsContent\"><a class=\"rsImg\" data-rsw=\"1080\" data-rsh=\"1447\" href=\"https:\/\/ambulanciascruzdelsur.cl\/wp-content\/uploads\/2022\/05\/WhatsApp-Image-2022-05-03-at-3.40.20-PM.jpeg\"><span data-alt=\"\"><\/span><\/a><img loading=\"lazy\" decoding=\"async\" width=\"150\" height=\"150\" src=\"https:\/\/ambulanciascruzdelsur.cl\/wp-content\/uploads\/2022\/05\/WhatsApp-Image-2022-05-03-at-3.40.20-PM-150x150.jpeg\" class=\"rsTmb\" alt=\"\" srcset=\"https:\/\/ambulanciascruzdelsur.cl\/wp-content\/uploads\/2022\/05\/WhatsApp-Image-2022-05-03-at-3.40.20-PM-150x150.jpeg 150w, https:\/\/ambulanciascruzdelsur.cl\/wp-content\/uploads\/2022\/05\/WhatsApp-Image-2022-05-03-at-3.40.20-PM-300x300.jpeg 300w\" sizes=\"auto, (max-width: 150px) 100vw, 150px\" \/><\/div><div class=\"rsContent\"><a class=\"rsImg\" data-rsw=\"1080\" data-rsh=\"1920\" href=\"https:\/\/ambulanciascruzdelsur.cl\/wp-content\/uploads\/2022\/05\/WhatsApp-Image-2022-05-03-at-3.40.28-PM.jpeg\"><span data-alt=\"\"><\/span><\/a><img loading=\"lazy\" decoding=\"async\" width=\"150\" height=\"150\" src=\"https:\/\/ambulanciascruzdelsur.cl\/wp-content\/uploads\/2022\/05\/WhatsApp-Image-2022-05-03-at-3.40.28-PM-150x150.jpeg\" class=\"rsTmb\" alt=\"\" srcset=\"https:\/\/ambulanciascruzdelsur.cl\/wp-content\/uploads\/2022\/05\/WhatsApp-Image-2022-05-03-at-3.40.28-PM-150x150.jpeg 150w, https:\/\/ambulanciascruzdelsur.cl\/wp-content\/uploads\/2022\/05\/WhatsApp-Image-2022-05-03-at-3.40.28-PM-300x300.jpeg 300w\" sizes=\"auto, (max-width: 150px) 100vw, 150px\" \/><\/div><div class=\"rsContent\"><a class=\"rsImg\" data-rsw=\"1197\" data-rsh=\"1600\" href=\"https:\/\/ambulanciascruzdelsur.cl\/wp-content\/uploads\/2022\/05\/WhatsApp-Image-2022-05-03-at-3.40.43-PM.jpeg\"><span data-alt=\"\"><\/span><\/a><img loading=\"lazy\" decoding=\"async\" width=\"150\" height=\"150\" src=\"https:\/\/ambulanciascruzdelsur.cl\/wp-content\/uploads\/2022\/05\/WhatsApp-Image-2022-05-03-at-3.40.43-PM-150x150.jpeg\" class=\"rsTmb\" alt=\"\" srcset=\"https:\/\/ambulanciascruzdelsur.cl\/wp-content\/uploads\/2022\/05\/WhatsApp-Image-2022-05-03-at-3.40.43-PM-150x150.jpeg 150w, https:\/\/ambulanciascruzdelsur.cl\/wp-content\/uploads\/2022\/05\/WhatsApp-Image-2022-05-03-at-3.40.43-PM-300x300.jpeg 300w\" sizes=\"auto, (max-width: 150px) 100vw, 150px\" \/><\/div><div class=\"rsContent\"><a class=\"rsImg\" data-rsw=\"1197\" data-rsh=\"1600\" href=\"https:\/\/ambulanciascruzdelsur.cl\/wp-content\/uploads\/2022\/05\/WhatsApp-Image-2022-05-03-at-3.40.58-PM.jpeg\"><span data-alt=\"\"><\/span><\/a><img loading=\"lazy\" decoding=\"async\" width=\"150\" height=\"150\" src=\"https:\/\/ambulanciascruzdelsur.cl\/wp-content\/uploads\/2022\/05\/WhatsApp-Image-2022-05-03-at-3.40.58-PM-150x150.jpeg\" class=\"rsTmb\" alt=\"\" srcset=\"https:\/\/ambulanciascruzdelsur.cl\/wp-content\/uploads\/2022\/05\/WhatsApp-Image-2022-05-03-at-3.40.58-PM-150x150.jpeg 150w, https:\/\/ambulanciascruzdelsur.cl\/wp-content\/uploads\/2022\/05\/WhatsApp-Image-2022-05-03-at-3.40.58-PM-300x300.jpeg 300w\" sizes=\"auto, (max-width: 150px) 100vw, 150px\" \/><\/div><\/div><img decoding=\"async\" src=\"https:\/\/ambulanciascruzdelsur.cl\/wp-content\/uploads\/2022\/05\/WhatsApp-Image-2022-05-03-at-3.40.20-PM.jpeg\" width=\"1080\" height=\"1447\" alt loading=\"lazy\"><\/div><div class=\"w-slider-json\" onclick='return {&quot;autoScaleSlider&quot;:true,&quot;addActiveClass&quot;:true,&quot;loop&quot;:true,&quot;fadeInLoadedSlide&quot;:false,&quot;slidesSpacing&quot;:0,&quot;imageScalePadding&quot;:0,&quot;numImagesToPreload&quot;:2,&quot;arrowsNav&quot;:true,&quot;arrowsNavAutoHide&quot;:false,&quot;transitionType&quot;:&quot;move&quot;,&quot;transitionSpeed&quot;:250,&quot;block&quot;:{&quot;moveEffect&quot;:&quot;none&quot;,&quot;speed&quot;:300},&quot;thumbs&quot;:{&quot;fitInViewport&quot;:false,&quot;firstMargin&quot;:false,&quot;spacing&quot;:4},&quot;controlNavigation&quot;:&quot;thumbnails&quot;,&quot;autoScaleSliderWidth&quot;:1080,&quot;autoScaleSliderHeight&quot;:1447}'><\/div><\/div><div class=\"w-separator size_medium\"><\/div><div class=\"wpb_text_column\"><div class=\"wpb_wrapper\"><div class=\"tags\">\n<h1>Ambulancia para eventos<\/h1>\n<h1>Asistencia sanitaria en eventos<\/h1>\n<h1>Servicio de ambulancias para eventos<\/h1>\n<h1>Ambulancias para fiestas<\/h1>\n<h1>Equipo m\u00e9dico para eventos<\/h1>\n<h1>Cobertura m\u00e9dica para eventos<\/h1>\n<h1>Atenci\u00f3n m\u00e9dica para eventos<\/h1>\n<h1>Servicio de emergencias en eventos<\/h1>\n<h1>Ambulancias para conciertos<\/h1>\n<h1>Asistencia m\u00e9dica en eventos deportivos<\/h1>\n<h1>Ambulancias para eventos masivos<\/h1>\n<h1>Servicios de atenci\u00f3n m\u00e9dica m\u00f3vil<\/h1>\n<h1>Servicio de urgencias para eventos<\/h1>\n<h1>Atenci\u00f3n prehospitalaria en eventos<\/h1>\n<h1>Equipo m\u00e9dico de emergencia para eventos<\/h1>\n<h1>Ambulancias de traslado para eventos<\/h1>\n<\/div>\n<\/div><\/div><\/div><\/div><\/div><\/div><\/div><\/section>\n","protected":false},"excerpt":{"rendered":"La contrataci\u00f3n de ambulancias para la asistencia de eventos se ha concebido como una medida de seguridad altamente efectiva y necesaria para prevenir la incidencia de accidentes, lesiones o enfermedades que puedan afectar la integridad individual o colectiva de los asistentes. Ambulancias Cruz del Sur cuenta con una flota de ambulancias debidamente equipadas: sistema de...","protected":false},"author":2,"featured_media":0,"parent":0,"menu_order":0,"comment_status":"closed","ping_status":"closed","template":"","meta":{"_acf_changed":false,"_monsterinsights_skip_tracking":false,"_monsterinsights_sitenote_active":false,"_monsterinsights_sitenote_note":"","_monsterinsights_sitenote_category":0,"footnotes":""},"class_list":["post-8010","page","type-page","status-publish","hentry"],"acf":[],"aioseo_notices":[],"_links":{"self":[{"href":"https:\/\/ambulanciascruzdelsur.cl\/index.php\/wp-json\/wp\/v2\/pages\/8010","targetHints":{"allow":["GET"]}}],"collection":[{"href":"https:\/\/ambulanciascruzdelsur.cl\/index.php\/wp-json\/wp\/v2\/pages"}],"about":[{"href":"https:\/\/ambulanciascruzdelsur.cl\/index.php\/wp-json\/wp\/v2\/types\/page"}],"author":[{"embeddable":true,"href":"https:\/\/ambulanciascruzdelsur.cl\/index.php\/wp-json\/wp\/v2\/users\/2"}],"replies":[{"embeddable":true,"href":"https:\/\/ambulanciascruzdelsur.cl\/index.php\/wp-json\/wp\/v2\/comments?post=8010"}],"version-history":[{"count":7,"href":"https:\/\/ambulanciascruzdelsur.cl\/index.php\/wp-json\/wp\/v2\/pages\/8010\/revisions"}],"predecessor-version":[{"id":8199,"href":"https:\/\/ambulanciascruzdelsur.cl\/index.php\/wp-json\/wp\/v2\/pages\/8010\/revisions\/8199"}],"wp:attachment":[{"href":"https:\/\/ambulanciascruzdelsur.cl\/index.php\/wp-json\/wp\/v2\/media?parent=8010"}],"curies":[{"name":"wp","href":"https:\/\/api.w.org\/{rel}","templated":true}]}}